{"id":456,"date":"2025-06-24T08:24:55","date_gmt":"2025-06-24T08:24:55","guid":{"rendered":"https:\/\/agrodienst.com\/startseite\/"},"modified":"2026-03-01T19:22:55","modified_gmt":"2026-03-01T19:22:55","slug":"startseite","status":"publish","type":"page","link":"https:\/\/agrodienst.com\/de\/","title":{"rendered":"Startseite"},"content":{"rendered":"\n<section class=\"wpb-header wpb-header--home wpb-wst--small wpb-wsb--small wpb-bg-clr--transparent\">\n\n            <div class=\"container container--title container--medium\">\n            <div class=\"wpb-text\">\n                <h1 style=\"text-align: center\">Zeit f\u00fcr die Wartung Ihrer Lagerhalle?<\/h1>\n            <\/div>\n        <\/div>\n    \n     \n        <div class=\"container container--large\">\n            <div class=\"inner\">\n                                    <a href=\"#\" class=\"wpb-cta-image\">\n                        <img loading=\"lazy\" decoding=\"async\" width=\"134\" height=\"134\" src=\"https:\/\/agrodienst.com\/app\/uploads\/2025\/06\/rabobank-innovatieprijs.png\" class=\"attachment-large size-large\" alt=\"\" \/>                    <\/a>\n                                                    <figure class=\"wpb-image \">\n                        <img loading=\"lazy\" decoding=\"async\" width=\"1200\" height=\"1600\" src=\"https:\/\/agrodienst.com\/app\/uploads\/2025\/07\/Afbeelding-van-WhatsApp-op-2025-03-29-om-15.41.41_10702ebc-e1751878578645.jpg\" class=\"attachment-large size-large\" alt=\"\" \/>                    <\/figure>\n                                                    <div class=\"wpb-text\">\n                        <p>&#8220;Wir reparieren &#8211; und reinigen L\u00fcftungskan\u00e4le bei Ihnen vor Ort,<br \/>\ndamit Sie f\u00fcr die neue Ernte wieder gut ger\u00fcstet sind!&#8221;<\/p>\n                                                    <div class=\"wpb-person\">\n                                <img loading=\"lazy\" decoding=\"async\" width=\"256\" height=\"256\" src=\"https:\/\/agrodienst.com\/app\/uploads\/2025\/07\/downloaden.png\" class=\"attachment-small size-small\" alt=\"\" srcset=\"https:\/\/agrodienst.com\/app\/uploads\/2025\/07\/downloaden.png 256w, https:\/\/agrodienst.com\/app\/uploads\/2025\/07\/downloaden-150x150.png 150w\" sizes=\"auto, (max-width: 256px) 100vw, 256px\" \/>                                <div class=\"wpb-person__text\">\n                                    <strong>Robin Cornelissen<\/strong>\n                                                                    <\/div>\n                            <\/div>\n                                            <\/div>\n                                <div class=\"wpb-bg-assets\">\n                    <div class=\"wpb-block-asset\"><\/div>\n                <\/div>\n            <\/div>\n        <\/div>\n    \n            <div class=\"container container--usps\">\n                            <div class=\"wpb-usp\">Eigener Maschinenpark, eigenes Design<\/div>\n                            <div class=\"wpb-usp\">Wir arbeiten bei Ihnen vor Ort<\/div>\n                            <div class=\"wpb-usp\">Lagerhaltung mit Wissen \u00fcber Lagerung<\/div>\n                    <\/div>\n    \n<\/section>\n\n\n\n<section class=\"wpb-block wpb-block--featured-services wpb-wst--large wpb-wsb--large wpb-bg-clr--white\">\n\n    <div class=\"container container--standard\">\n\n                    <div class=\"wpb-text\">\n                <h2>Praktische Maschinen f\u00fcr Ackerbauern<\/h2>\n<p>Viele Landwirte schieben die Wartung ihrer Lagerhalle bis zum letzten Moment hinaus. Verst\u00e4ndlich \u2013 schlie\u00dflich ist das Reinigen oder Ersetzen von L\u00fcftungskan\u00e4len eine staubige und zeitaufwendige Arbeit.<\/p>\n<p>Doch wussten Sie, dass dies heute deutlich schneller, einfacher und effizienter m\u00f6glich ist?<\/p>\n<p>Sowohl f\u00fcr Ihre unterirdischen Betonkan\u00e4le als auch f\u00fcr oberirdische Stahlkan\u00e4le haben wir eine passende L\u00f6sung entwickelt. Damit k\u00f6nnen besch\u00e4digte oder verschmutzte L\u00fcftungskan\u00e4le fachgerecht instandgesetzt oder professionell gereinigt werden.<\/p>\n<p>Wir kommen direkt zu Ihnen vor Ort, \u00fcbernehmen die schwere Arbeit, oder sorgen daf\u00fcr, dass Sie nicht jedes Jahr neue L\u00fcftungskan\u00e4le anschaffen m\u00fcssen.<\/p>\n<p>Effizient. Wirtschaftlich. Praxisnah.<\/p>\n                            <\/div>\n                            <div class=\"inner\">\n                                    <a href=\"https:\/\/agrodienst.com\/de\/dienstleistungen\/reinigung\/\" class=\"wpb-service-card\">\n                                                    <figure class=\"wpb-image\">\n                                <img loading=\"lazy\" decoding=\"async\" width=\"600\" height=\"800\" src=\"https:\/\/agrodienst.com\/app\/uploads\/2025\/07\/Afbeelding-van-WhatsApp-op-2025-03-29-om-15.41.41_10702ebc-600x800.jpg\" class=\"attachment-medium size-medium\" alt=\"\" srcset=\"https:\/\/agrodienst.com\/app\/uploads\/2025\/07\/Afbeelding-van-WhatsApp-op-2025-03-29-om-15.41.41_10702ebc-600x800.jpg 600w, https:\/\/agrodienst.com\/app\/uploads\/2025\/07\/Afbeelding-van-WhatsApp-op-2025-03-29-om-15.41.41_10702ebc-960x1280.jpg 960w, https:\/\/agrodienst.com\/app\/uploads\/2025\/07\/Afbeelding-van-WhatsApp-op-2025-03-29-om-15.41.41_10702ebc-1152x1536.jpg 1152w, https:\/\/agrodienst.com\/app\/uploads\/2025\/07\/Afbeelding-van-WhatsApp-op-2025-03-29-om-15.41.41_10702ebc.jpg 1200w\" sizes=\"auto, (max-width: 600px) 100vw, 600px\" \/>                            <\/figure>\n                                                 \n                            <div class=\"wpb-service-card__text\">\n                                <h2 class=\"h4\">Reinigung von unterirdischen L\u00fcftungskan\u00e4len<\/h2>\n                                <p>So bleiben Ihre unterirdischen Bel\u00fcftungskan\u00e4le in bestem Zustand \u2013 ganz ohne m\u00fchsame Handarbeit.<\/p>                            <\/div>\n                                                <i class=\"fa-solid fa-arrow-right\"><\/i>\n                    <\/a>\n                                    <a href=\"https:\/\/agrodienst.com\/de\/dienstleistungen\/reparatur\/\" class=\"wpb-service-card\">\n                                                    <figure class=\"wpb-image\">\n                                <img loading=\"lazy\" decoding=\"async\" width=\"600\" height=\"400\" src=\"https:\/\/agrodienst.com\/app\/uploads\/2025\/06\/6bf0537217592ed3cee4023007f46b32ed9b5a32.jpg\" class=\"attachment-medium size-medium\" alt=\"\" \/>                            <\/figure>\n                                                 \n                            <div class=\"wpb-service-card__text\">\n                                <h2 class=\"h4\">Reparatur von L\u00fcftungskan\u00e4len<\/h2>\n                                <p>Mit unserer selbst entwickelten Maschine reparieren wir Ihre L\u00fcftungskan\u00e4le schnell und effizient, sodass sie wieder vollst\u00e4ndig einsatzbereit sind.<\/p>                            <\/div>\n                                                <i class=\"fa-solid fa-arrow-right\"><\/i>\n                    <\/a>\n                                    <a href=\"https:\/\/agrodienst.com\/de\/dienstleistungen\/lagerung\/\" class=\"wpb-service-card\">\n                                                    <figure class=\"wpb-image\">\n                                <img loading=\"lazy\" decoding=\"async\" width=\"800\" height=\"439\" src=\"https:\/\/agrodienst.com\/app\/uploads\/2025\/06\/561bdd8a2ef80f34363ab0d801e509c704323e2d-800x439.png\" class=\"attachment-medium size-medium\" alt=\"\" srcset=\"https:\/\/agrodienst.com\/app\/uploads\/2025\/06\/561bdd8a2ef80f34363ab0d801e509c704323e2d-800x439.png 800w, https:\/\/agrodienst.com\/app\/uploads\/2025\/06\/561bdd8a2ef80f34363ab0d801e509c704323e2d.png 839w\" sizes=\"auto, (max-width: 800px) 100vw, 800px\" \/>                            <\/figure>\n                                                 \n                            <div class=\"wpb-service-card__text\">\n                                <h2 class=\"h4\">Lagerung von Zwiebeln und Kartoffeln<\/h2>\n                                <p>Mit 50 Jahren Erfahrung sind Ihre Kartoffeln und Zwiebeln bei uns in besten H\u00e4nden.\r\nDie gesamte Lagerung ist von A bis Z bestens organisiert!<\/p>                            <\/div>\n                                                <i class=\"fa-solid fa-arrow-right\"><\/i>\n                    <\/a>\n                            <\/div>\n            <\/div>\n\n\n    <div class=\"wpb-bg-assets\">\n                                    <div class=\"wpb-block-asset wpb-block-asset--top\"><\/div>\n                            <div class=\"wpb-small-asset wpb-small-asset--1\"><\/div>\n        <div class=\"wpb-small-asset wpb-small-asset--2\"><\/div>\n    <\/div>\n\n<\/section>\n\n\n<section class=\"wpb-block wpb-block--text-multimedia wpb-wst--large wpb-wsb--large wpb-bg-clr--transparent\">\n\n    <div class=\"container container--standard\">\n        <div class=\"inner\">\n            <div class=\"wpb-row wpb-bg-clr--primary g-20 g-lg-48 g-xl-80 align-center\">\n                                    <div class=\"wpb-text wpb-col--12 wpb-col--lg-6 order-lg-1\">\n                        <h2>Lagerung von Zwiebeln und Kartoffeln<\/h2>\n<p>Seit 1976 ist De Lange in Overloon eine feste Gr\u00f6\u00dfe in der Kartoffelbranche.<\/p>\n<p>Seit 1996 sind wir am Standort Heikant in Overloon ans\u00e4ssig, wo wir die professionelle Lagerung von Kartoffeln und Zwiebeln f\u00fcr Dritte \u00fcbernehmen \u2013 mit einer Lagerkapazit\u00e4t von bis zu 12.000 Tonnen.<\/p>\n<p>Auch Sie k\u00f6nnen sich bei der fachgerechten Lagerung Ihres Produkts auf uns verlassen \u2013<br \/>\ndenn Erfahrung z\u00e4hlt.<\/p>\n\n                        <div class=\"btn-group\">\n                                                                                        <div class=\"wpb-person\">\n                                    <img loading=\"lazy\" decoding=\"async\" width=\"166\" height=\"206\" src=\"https:\/\/agrodienst.com\/app\/uploads\/2025\/06\/Schermafbeelding-2025-07-06-110124.png\" class=\"attachment-small size-small\" alt=\"\" \/>                                    <div class=\"wpb-person__text\">\n                                        <strong>Gert de Lange<\/strong>\n                                                                                    <span>Eigent\u00fcmer<\/span>\n                                                                            <\/div>\n                                <\/div>\n                                                    <\/div>\n                    <\/div>\n                                                     \n                        <figure class=\"wpb-image wpb-col--12 wpb-col--lg-6 order-lg-0\">\n                            <img loading=\"lazy\" decoding=\"async\" width=\"1920\" height=\"1076\" src=\"https:\/\/agrodienst.com\/app\/uploads\/2025\/07\/AdobeStock_697839270-1920x1076.jpeg\" class=\"attachment-large size-large\" alt=\"\" srcset=\"https:\/\/agrodienst.com\/app\/uploads\/2025\/07\/AdobeStock_697839270-1920x1076.jpeg 1920w, https:\/\/agrodienst.com\/app\/uploads\/2025\/07\/AdobeStock_697839270-800x448.jpeg 800w, https:\/\/agrodienst.com\/app\/uploads\/2025\/07\/AdobeStock_697839270-1280x717.jpeg 1280w, https:\/\/agrodienst.com\/app\/uploads\/2025\/07\/AdobeStock_697839270-1536x861.jpeg 1536w, https:\/\/agrodienst.com\/app\/uploads\/2025\/07\/AdobeStock_697839270-2048x1148.jpeg 2048w\" sizes=\"auto, (max-width: 1920px) 100vw, 1920px\" \/>                        <\/figure>\n                                                <\/div>\n                    <\/div>\n    <\/div>\n\n            <div class=\"wpb-bg-assets\">\n                            <div class=\"wpb-block-asset wpb-block-asset--top\"><\/div>\n                    <\/div>\n    \n<\/section>","protected":false},"excerpt":{"rendered":"","protected":false},"author":2,"featured_media":528,"parent":0,"menu_order":0,"comment_status":"closed","ping_status":"closed","template":"","meta":{"_acf_changed":false,"footnotes":""},"class_list":["post-456","page","type-page","status-publish","has-post-thumbnail","hentry"],"acf":[],"yoast_head":"<!-- This site is optimized with the Yoast SEO plugin v27.1.1 - https:\/\/yoast.com\/product\/yoast-seo-wordpress\/ -->\n<title>Startseite - Agrodienst<\/title>\n<meta name=\"robots\" content=\"index, follow, max-snippet:-1, max-image-preview:large, max-video-preview:-1\" \/>\n<link rel=\"canonical\" href=\"https:\/\/agrodienst.com\/de\/\" \/>\n<meta property=\"og:locale\" content=\"de_DE\" \/>\n<meta property=\"og:type\" content=\"article\" \/>\n<meta property=\"og:title\" content=\"Startseite - Agrodienst\" \/>\n<meta property=\"og:url\" content=\"https:\/\/agrodienst.com\/de\/\" \/>\n<meta property=\"og:site_name\" content=\"Agrodienst\" \/>\n<meta property=\"article:modified_time\" content=\"2026-03-01T19:22:55+00:00\" \/>\n<meta property=\"og:image\" content=\"https:\/\/agrodienst.com\/app\/uploads\/2025\/07\/Afbeelding-van-WhatsApp-op-2025-03-29-om-15.41.41_10702ebc-e1751878578645.jpg\" \/>\n\t<meta property=\"og:image:width\" content=\"1200\" \/>\n\t<meta property=\"og:image:height\" content=\"1600\" \/>\n\t<meta property=\"og:image:type\" content=\"image\/jpeg\" \/>\n<meta name=\"twitter:card\" content=\"summary_large_image\" \/>\n<meta name=\"twitter:label1\" content=\"Est. reading time\" \/>\n\t<meta name=\"twitter:data1\" content=\"1 minute\" \/>\n<script type=\"application\/ld+json\" class=\"yoast-schema-graph\">{\"@context\":\"https:\/\/schema.org\",\"@graph\":[{\"@type\":\"WebPage\",\"@id\":\"https:\/\/agrodienst.com\/de\/\",\"url\":\"https:\/\/agrodienst.com\/de\/\",\"name\":\"Startseite - Agrodienst\",\"isPartOf\":{\"@id\":\"https:\/\/agrodienst.com\/de\/#website\"},\"primaryImageOfPage\":{\"@id\":\"https:\/\/agrodienst.com\/de\/#primaryimage\"},\"image\":{\"@id\":\"https:\/\/agrodienst.com\/de\/#primaryimage\"},\"thumbnailUrl\":\"https:\/\/agrodienst.com\/app\/uploads\/2025\/07\/Afbeelding-van-WhatsApp-op-2025-03-29-om-15.41.41_10702ebc-e1751878578645.jpg\",\"datePublished\":\"2025-06-24T08:24:55+00:00\",\"dateModified\":\"2026-03-01T19:22:55+00:00\",\"breadcrumb\":{\"@id\":\"https:\/\/agrodienst.com\/de\/#breadcrumb\"},\"inLanguage\":\"de-DE\",\"potentialAction\":[{\"@type\":\"ReadAction\",\"target\":[\"https:\/\/agrodienst.com\/de\/\"]}]},{\"@type\":\"ImageObject\",\"inLanguage\":\"de-DE\",\"@id\":\"https:\/\/agrodienst.com\/de\/#primaryimage\",\"url\":\"https:\/\/agrodienst.com\/app\/uploads\/2025\/07\/Afbeelding-van-WhatsApp-op-2025-03-29-om-15.41.41_10702ebc-e1751878578645.jpg\",\"contentUrl\":\"https:\/\/agrodienst.com\/app\/uploads\/2025\/07\/Afbeelding-van-WhatsApp-op-2025-03-29-om-15.41.41_10702ebc-e1751878578645.jpg\",\"width\":1200,\"height\":1600},{\"@type\":\"BreadcrumbList\",\"@id\":\"https:\/\/agrodienst.com\/de\/#breadcrumb\",\"itemListElement\":[{\"@type\":\"ListItem\",\"position\":1,\"name\":\"Home\",\"item\":\"https:\/\/agrodienst.com\/de\/\"},{\"@type\":\"ListItem\",\"position\":2,\"name\":\"Startseite\"}]},{\"@type\":\"WebSite\",\"@id\":\"https:\/\/agrodienst.com\/de\/#website\",\"url\":\"https:\/\/agrodienst.com\/de\/\",\"name\":\"Agrodienst\",\"description\":\"\",\"potentialAction\":[{\"@type\":\"SearchAction\",\"target\":{\"@type\":\"EntryPoint\",\"urlTemplate\":\"https:\/\/agrodienst.com\/de\/?s={search_term_string}\"},\"query-input\":{\"@type\":\"PropertyValueSpecification\",\"valueRequired\":true,\"valueName\":\"search_term_string\"}}],\"inLanguage\":\"de-DE\"}]}<\/script>\n<!-- \/ Yoast SEO plugin. -->","yoast_head_json":{"title":"Startseite - Agrodienst","robots":{"index":"index","follow":"follow","max-snippet":"max-snippet:-1","max-image-preview":"max-image-preview:large","max-video-preview":"max-video-preview:-1"},"canonical":"https:\/\/agrodienst.com\/de\/","og_locale":"de_DE","og_type":"article","og_title":"Startseite - Agrodienst","og_url":"https:\/\/agrodienst.com\/de\/","og_site_name":"Agrodienst","article_modified_time":"2026-03-01T19:22:55+00:00","og_image":[{"width":1200,"height":1600,"url":"https:\/\/agrodienst.com\/app\/uploads\/2025\/07\/Afbeelding-van-WhatsApp-op-2025-03-29-om-15.41.41_10702ebc-e1751878578645.jpg","type":"image\/jpeg"}],"twitter_card":"summary_large_image","twitter_misc":{"Est. reading time":"1 minute"},"schema":{"@context":"https:\/\/schema.org","@graph":[{"@type":"WebPage","@id":"https:\/\/agrodienst.com\/de\/","url":"https:\/\/agrodienst.com\/de\/","name":"Startseite - Agrodienst","isPartOf":{"@id":"https:\/\/agrodienst.com\/de\/#website"},"primaryImageOfPage":{"@id":"https:\/\/agrodienst.com\/de\/#primaryimage"},"image":{"@id":"https:\/\/agrodienst.com\/de\/#primaryimage"},"thumbnailUrl":"https:\/\/agrodienst.com\/app\/uploads\/2025\/07\/Afbeelding-van-WhatsApp-op-2025-03-29-om-15.41.41_10702ebc-e1751878578645.jpg","datePublished":"2025-06-24T08:24:55+00:00","dateModified":"2026-03-01T19:22:55+00:00","breadcrumb":{"@id":"https:\/\/agrodienst.com\/de\/#breadcrumb"},"inLanguage":"de-DE","potentialAction":[{"@type":"ReadAction","target":["https:\/\/agrodienst.com\/de\/"]}]},{"@type":"ImageObject","inLanguage":"de-DE","@id":"https:\/\/agrodienst.com\/de\/#primaryimage","url":"https:\/\/agrodienst.com\/app\/uploads\/2025\/07\/Afbeelding-van-WhatsApp-op-2025-03-29-om-15.41.41_10702ebc-e1751878578645.jpg","contentUrl":"https:\/\/agrodienst.com\/app\/uploads\/2025\/07\/Afbeelding-van-WhatsApp-op-2025-03-29-om-15.41.41_10702ebc-e1751878578645.jpg","width":1200,"height":1600},{"@type":"BreadcrumbList","@id":"https:\/\/agrodienst.com\/de\/#breadcrumb","itemListElement":[{"@type":"ListItem","position":1,"name":"Home","item":"https:\/\/agrodienst.com\/de\/"},{"@type":"ListItem","position":2,"name":"Startseite"}]},{"@type":"WebSite","@id":"https:\/\/agrodienst.com\/de\/#website","url":"https:\/\/agrodienst.com\/de\/","name":"Agrodienst","description":"","potentialAction":[{"@type":"SearchAction","target":{"@type":"EntryPoint","urlTemplate":"https:\/\/agrodienst.com\/de\/?s={search_term_string}"},"query-input":{"@type":"PropertyValueSpecification","valueRequired":true,"valueName":"search_term_string"}}],"inLanguage":"de-DE"}]}},"_links":{"self":[{"href":"https:\/\/agrodienst.com\/de\/wp-json\/wp\/v2\/pages\/456","targetHints":{"allow":["GET"]}}],"collection":[{"href":"https:\/\/agrodienst.com\/de\/wp-json\/wp\/v2\/pages"}],"about":[{"href":"https:\/\/agrodienst.com\/de\/wp-json\/wp\/v2\/types\/page"}],"author":[{"embeddable":true,"href":"https:\/\/agrodienst.com\/de\/wp-json\/wp\/v2\/users\/2"}],"replies":[{"embeddable":true,"href":"https:\/\/agrodienst.com\/de\/wp-json\/wp\/v2\/comments?post=456"}],"version-history":[{"count":11,"href":"https:\/\/agrodienst.com\/de\/wp-json\/wp\/v2\/pages\/456\/revisions"}],"predecessor-version":[{"id":768,"href":"https:\/\/agrodienst.com\/de\/wp-json\/wp\/v2\/pages\/456\/revisions\/768"}],"wp:featuredmedia":[{"embeddable":true,"href":"https:\/\/agrodienst.com\/de\/wp-json\/wp\/v2\/media\/528"}],"wp:attachment":[{"href":"https:\/\/agrodienst.com\/de\/wp-json\/wp\/v2\/media?parent=456"}],"curies":[{"name":"wp","href":"https:\/\/api.w.org\/{rel}","templated":true}]}}